{"id":26,"date":"2015-01-12T12:44:18","date_gmt":"2015-01-12T11:44:18","guid":{"rendered":"http:\/\/themes.muffingroup.com\/be\/renovate\/?page_id=26"},"modified":"2026-02-09T15:57:08","modified_gmt":"2026-02-09T14:57:08","slug":"ueber-uns","status":"publish","type":"page","link":"https:\/\/herrmann-raumausstatter.de\/wpsite\/ueber-uns\/","title":{"rendered":"\u00dcber uns"},"content":{"rendered":"\t\t<div data-elementor-type=\"wp-page\" data-elementor-id=\"26\" class=\"elementor elementor-26\">\n\t\t\t\t\t\t\t\t\t<section class=\"elementor-section elementor-top-section elementor-element elementor-element-de84cd2 elementor-section-boxed elementor-section-height-default elementor-section-height-default\" data-id=\"de84cd2\" data-element_type=\"section\">\n\t\t\t\t\t\t<div class=\"elementor-container elementor-column-gap-default\">\n\t\t\t\t\t<div class=\"elementor-column elementor-col-100 elementor-top-column elementor-element elementor-element-b5ff0cd\" data-id=\"b5ff0cd\" data-element_type=\"column\">\n\t\t\t<div class=\"elementor-widget-wrap elementor-element-populated\">\n\t\t\t\t\t\t\t\t<div class=\"elementor-element elementor-element-0fd9a42 elementor-widget elementor-widget-heading\" data-id=\"0fd9a42\" data-element_type=\"widget\" data-widget_type=\"heading.default\">\n\t\t\t\t<div class=\"elementor-widget-container\">\n\t\t\t<h2 class=\"elementor-heading-title elementor-size-default\">Die Firma Herrmann ist ein Meisterbetrieb<\/h2>\t\t<\/div>\n\t\t\t\t<\/div>\n\t\t\t\t<div class=\"elementor-element elementor-element-568edf8 elementor-widget-divider--view-line elementor-widget elementor-widget-divider\" data-id=\"568edf8\" data-element_type=\"widget\" data-widget_type=\"divider.default\">\n\t\t\t\t<div class=\"elementor-widget-container\">\n\t\t\t\t\t<div class=\"elementor-divider\">\n\t\t\t<span class=\"elementor-divider-separator\">\n\t\t\t\t\t\t<\/span>\n\t\t<\/div>\n\t\t\t\t<\/div>\n\t\t\t\t<\/div>\n\t\t\t\t<div class=\"elementor-element elementor-element-4215fa4 elementor-widget elementor-widget-image\" data-id=\"4215fa4\" data-element_type=\"widget\" data-widget_type=\"image.default\">\n\t\t\t\t<div class=\"elementor-widget-container\">\n\t\t\t\t\t\t\t\t\t\t\t\t\t\t\t<img loading=\"lazy\" decoding=\"async\" width=\"1024\" height=\"245\" src=\"https:\/\/herrmann-raumausstatter.de\/wp-content\/uploads\/2020\/09\/RAA-laden-1024x245.jpg\" class=\"attachment-large size-large wp-image-2587\" alt=\"\" srcset=\"https:\/\/herrmann-raumausstatter.de\/wp-content\/uploads\/2020\/09\/RAA-laden-1024x245.jpg 1024w, https:\/\/herrmann-raumausstatter.de\/wp-content\/uploads\/2020\/09\/RAA-laden-300x72.jpg 300w, https:\/\/herrmann-raumausstatter.de\/wp-content\/uploads\/2020\/09\/RAA-laden-768x184.jpg 768w, https:\/\/herrmann-raumausstatter.de\/wp-content\/uploads\/2020\/09\/RAA-laden-1536x368.jpg 1536w, https:\/\/herrmann-raumausstatter.de\/wp-content\/uploads\/2020\/09\/RAA-laden-260x62.jpg 260w, https:\/\/herrmann-raumausstatter.de\/wp-content\/uploads\/2020\/09\/RAA-laden-50x12.jpg 50w, https:\/\/herrmann-raumausstatter.de\/wp-content\/uploads\/2020\/09\/RAA-laden-150x36.jpg 150w, https:\/\/herrmann-raumausstatter.de\/wp-content\/uploads\/2020\/09\/RAA-laden.jpg 1670w\" sizes=\"auto, (max-width:767px) 480px, (max-width:1024px) 100vw, 1024px\" \/>\t\t\t\t\t\t\t\t\t\t\t\t\t\t\t<\/div>\n\t\t\t\t<\/div>\n\t\t\t\t<div class=\"elementor-element elementor-element-21da3f2 elementor-widget-divider--view-line elementor-widget elementor-widget-divider\" data-id=\"21da3f2\" data-element_type=\"widget\" data-widget_type=\"divider.default\">\n\t\t\t\t<div class=\"elementor-widget-container\">\n\t\t\t\t\t<div class=\"elementor-divider\">\n\t\t\t<span class=\"elementor-divider-separator\">\n\t\t\t\t\t\t<\/span>\n\t\t<\/div>\n\t\t\t\t<\/div>\n\t\t\t\t<\/div>\n\t\t\t\t\t<\/div>\n\t\t<\/div>\n\t\t\t\t\t\t\t<\/div>\n\t\t<\/section>\n\t\t\t\t<section class=\"elementor-section elementor-top-section elementor-element elementor-element-bebf2c7 elementor-section-boxed elementor-section-height-default elementor-section-height-default\" data-id=\"bebf2c7\" data-element_type=\"section\">\n\t\t\t\t\t\t<div class=\"elementor-container elementor-column-gap-default\">\n\t\t\t\t\t<div class=\"elementor-column elementor-col-50 elementor-top-column elementor-element elementor-element-b75ac43\" data-id=\"b75ac43\" data-element_type=\"column\">\n\t\t\t<div class=\"elementor-widget-wrap elementor-element-populated\">\n\t\t\t\t\t\t\t\t<div class=\"elementor-element elementor-element-3421f57 elementor-widget elementor-widget-text-editor\" data-id=\"3421f57\" data-element_type=\"widget\" data-widget_type=\"text-editor.default\">\n\t\t\t\t<div class=\"elementor-widget-container\">\n\t\t\t\t\t\t\t<p>Die Firma Raumausstattung H. Herrmann besteht bereits in der <br \/>3. Generation. Unser Ladengesch\u00e4ft befindet sich in der Berliner Stra\u00dfe 7 in Kremmen. Das Gesch\u00e4ft betreiben wir mit gelernten Raumausstattern.<\/p>\t\t\t\t\t\t<\/div>\n\t\t\t\t<\/div>\n\t\t\t\t\t<\/div>\n\t\t<\/div>\n\t\t\t\t<div class=\"elementor-column elementor-col-50 elementor-top-column elementor-element elementor-element-6525b51\" data-id=\"6525b51\" data-element_type=\"column\">\n\t\t\t<div class=\"elementor-widget-wrap elementor-element-populated\">\n\t\t\t\t\t\t\t\t<div class=\"elementor-element elementor-element-f4b6970 elementor-widget elementor-widget-text-editor\" data-id=\"f4b6970\" data-element_type=\"widget\" data-widget_type=\"text-editor.default\">\n\t\t\t\t<div class=\"elementor-widget-container\">\n\t\t\t\t\t\t\t<p>Kommen Sie zu einer Beratung bei einer gem\u00fctlichen Tasse Kaffee in unser Ladengesch\u00e4ft. Dabei lassen sich in angenehmer Atmosph\u00e4re Farbgestaltungen und andere Raumausstattungselemente in aller Ruhe besprechen.<br \/>Wir beraten komplett, Boden, Wand, Fenster im Einklang mit Farbe und Form inklusive der Wohnaccessoires.<br \/>Wenn Sie m\u00f6chten f\u00fchren wir auch die kostenlose Beratung bei Ihnen zu Hause durch. Nat\u00fcrlich erhalten Sie dann auch ein kostenfreies Angebot von uns.<\/p>\t\t\t\t\t\t<\/div>\n\t\t\t\t<\/div>\n\t\t\t\t\t<\/div>\n\t\t<\/div>\n\t\t\t\t\t\t\t<\/div>\n\t\t<\/section>\n\t\t\t\t<section class=\"elementor-section elementor-top-section elementor-element elementor-element-ef4e5df elementor-hidden-tablet elementor-hidden-phone elementor-section-boxed elementor-section-height-default elementor-section-height-default\" data-id=\"ef4e5df\" data-element_type=\"section\">\n\t\t\t\t\t\t<div class=\"elementor-container elementor-column-gap-default\">\n\t\t\t\t\t<div class=\"elementor-column elementor-col-33 elementor-top-column elementor-element elementor-element-ffd0c82\" data-id=\"ffd0c82\" data-element_type=\"column\">\n\t\t\t<div class=\"elementor-widget-wrap elementor-element-populated\">\n\t\t\t\t\t\t\t\t<div class=\"elementor-element elementor-element-11d3b3b elementor-widget elementor-widget-counter\" data-id=\"11d3b3b\" data-element_type=\"widget\" data-widget_type=\"counter.default\">\n\t\t\t\t<div class=\"elementor-widget-container\">\n\t\t\t\t\t<div class=\"elementor-counter\">\n\t\t\t<div class=\"elementor-counter-number-wrapper\">\n\t\t\t\t<span class=\"elementor-counter-number-prefix\"><\/span>\n\t\t\t\t<span class=\"elementor-counter-number\" data-duration=\"2000\" data-to-value=\"1953\" data-from-value=\"1900\">1900<\/span>\n\t\t\t\t<span class=\"elementor-counter-number-suffix\"><\/span>\n\t\t\t<\/div>\n\t\t\t\t\t\t\t<div class=\"elementor-counter-title\">Firmengr\u00fcndung<\/div>\n\t\t\t\t\t<\/div>\n\t\t\t\t<\/div>\n\t\t\t\t<\/div>\n\t\t\t\t\t<\/div>\n\t\t<\/div>\n\t\t\t\t<div class=\"elementor-column elementor-col-33 elementor-top-column elementor-element elementor-element-3535cef\" data-id=\"3535cef\" data-element_type=\"column\">\n\t\t\t<div class=\"elementor-widget-wrap elementor-element-populated\">\n\t\t\t\t\t\t\t\t<div class=\"elementor-element elementor-element-ce3b8ed elementor-widget elementor-widget-counter\" data-id=\"ce3b8ed\" data-element_type=\"widget\" data-widget_type=\"counter.default\">\n\t\t\t\t<div class=\"elementor-widget-container\">\n\t\t\t\t\t<div class=\"elementor-counter\">\n\t\t\t<div class=\"elementor-counter-number-wrapper\">\n\t\t\t\t<span class=\"elementor-counter-number-prefix\"><\/span>\n\t\t\t\t<span class=\"elementor-counter-number\" data-duration=\"2000\" data-to-value=\"962\" data-from-value=\"0\" data-delimiter=\",\">0<\/span>\n\t\t\t\t<span class=\"elementor-counter-number-suffix\"><\/span>\n\t\t\t<\/div>\n\t\t\t\t\t\t\t<div class=\"elementor-counter-title\">Projekte<\/div>\n\t\t\t\t\t<\/div>\n\t\t\t\t<\/div>\n\t\t\t\t<\/div>\n\t\t\t\t\t<\/div>\n\t\t<\/div>\n\t\t\t\t<div class=\"elementor-column elementor-col-33 elementor-top-column elementor-element elementor-element-1adbb9b\" data-id=\"1adbb9b\" data-element_type=\"column\">\n\t\t\t<div class=\"elementor-widget-wrap elementor-element-populated\">\n\t\t\t\t\t\t\t\t<div class=\"elementor-element elementor-element-1413c2a elementor-widget elementor-widget-counter\" data-id=\"1413c2a\" data-element_type=\"widget\" data-widget_type=\"counter.default\">\n\t\t\t\t<div class=\"elementor-widget-container\">\n\t\t\t\t\t<div class=\"elementor-counter\">\n\t\t\t<div class=\"elementor-counter-number-wrapper\">\n\t\t\t\t<span class=\"elementor-counter-number-prefix\"><\/span>\n\t\t\t\t<span class=\"elementor-counter-number\" data-duration=\"2000\" data-to-value=\"814\" data-from-value=\"0\">0<\/span>\n\t\t\t\t<span class=\"elementor-counter-number-suffix\"><\/span>\n\t\t\t<\/div>\n\t\t\t\t\t\t\t<div class=\"elementor-counter-title\">zufriedene Kunden<\/div>\n\t\t\t\t\t<\/div>\n\t\t\t\t<\/div>\n\t\t\t\t<\/div>\n\t\t\t\t\t<\/div>\n\t\t<\/div>\n\t\t\t\t\t\t\t<\/div>\n\t\t<\/section>\n\t\t\t\t\t\t\t<\/div>\n\t\t","protected":false},"excerpt":{"rendered":"<p>Die Firma Herrmann ist ein Meisterbetrieb Die Firma Raumausstattung H. Herrmann besteht bereits in der 3. Generation. Unser Ladengesch\u00e4ft befindet sich in der Berliner Stra\u00dfe 7<span class=\"excerpt-hellip\"> [\u2026]<\/span><\/p>\n","protected":false},"author":1,"featured_media":0,"parent":0,"menu_order":0,"comment_status":"closed","ping_status":"closed","template":"","meta":{"footnotes":""},"class_list":["post-26","page","type-page","status-publish","hentry"],"_links":{"self":[{"href":"https:\/\/herrmann-raumausstatter.de\/wpsite\/wp-json\/wp\/v2\/pages\/26","targetHints":{"allow":["GET"]}}],"collection":[{"href":"https:\/\/herrmann-raumausstatter.de\/wpsite\/wp-json\/wp\/v2\/pages"}],"about":[{"href":"https:\/\/herrmann-raumausstatter.de\/wpsite\/wp-json\/wp\/v2\/types\/page"}],"author":[{"embeddable":true,"href":"https:\/\/herrmann-raumausstatter.de\/wpsite\/wp-json\/wp\/v2\/users\/1"}],"replies":[{"embeddable":true,"href":"https:\/\/herrmann-raumausstatter.de\/wpsite\/wp-json\/wp\/v2\/comments?post=26"}],"version-history":[{"count":29,"href":"https:\/\/herrmann-raumausstatter.de\/wpsite\/wp-json\/wp\/v2\/pages\/26\/revisions"}],"predecessor-version":[{"id":3014,"href":"https:\/\/herrmann-raumausstatter.de\/wpsite\/wp-json\/wp\/v2\/pages\/26\/revisions\/3014"}],"wp:attachment":[{"href":"https:\/\/herrmann-raumausstatter.de\/wpsite\/wp-json\/wp\/v2\/media?parent=26"}],"curies":[{"name":"wp","href":"https:\/\/api.w.org\/{rel}","templated":true}]}}